{"id":191,"date":"2025-10-27T15:02:28","date_gmt":"2025-10-27T15:02:28","guid":{"rendered":"https:\/\/mangim.ee\/?post_type=product&#038;p=191"},"modified":"2025-12-07T12:26:29","modified_gmt":"2025-12-07T10:26:29","slug":"kosmiline-tasakaalupanus","status":"publish","type":"product","link":"https:\/\/mangim.com\/et\/toode\/kosmiline-tasakaalupanus\/","title":{"rendered":"Karmav\u00f5lg v\u00f5i kosmiline tasakaal?"},"content":{"rendered":"<p>Oled raamatut lugenud, ent pole seda ostnud?<\/p>\n<p>V\u00f5i kasutanud selle sisu tulu teenimiseks &#8211; n\u00e4iteks oled Hollywoodi filmitegija?<\/p>\n<p>Siin on sinu v\u00f5imalus luua teadlik energiavahetus ja taastada tasakaal.<\/p>\n<p>Raamatu teksti on lubatud \u2013 kordan, just nimelt lubatud, mitte keelatud \u2013 kopeerida, paljundada ja levitada k\u00f5ikide erinevate infokandjate kaudu: elektrooniliselt, mehhaaniliselt, suuliselt, skaneeritult. Lubatud on paljundada ja teha fotokoopiaid ning kasutada neid oma \u00e4ran\u00e4gemise j\u00e4rgi sellest autorile teatamata. Lubatud on tsiteerida, osaliselt v\u00f5i t\u00e4ielikult ilma autorile viitamata. Lubatud on kasutada raamatut \u00fcksk\u00f5ik millisel eesm\u00e4rgil, kaasa arvatud kommertseesm\u00e4rgil. Raamatut v\u00f5ib t\u00f5lkida, kohandada ja v\u00e4lja anda \u00fcksk\u00f5ik mis keeles, ilma piiranguteta<\/p>\n<p>Samas, kosmilise tasakaalu ja energiavahetuse vabatahtlikul p\u00f5him\u00f5ttel, kui oled saanud selle raamatu tasuta v\u00f5i kasutad seda kommertseesm\u00e4rgil, pakub autorite kollektiiv v\u00f5imaluse teha tasakaalupanus. See pole kohustus ega n\u00f5ue \u2013 see on kutse osaleda teadlikus energiavahetuses. Mangim.com lehel on v\u00f5imalik teha vabatahtlikpanus: lugemise puhul \u00fche kohvitassi v\u00e4\u00e4rtuses, kommertskasutuse puhul 7% k\u00e4ibest. T\u00e4iesti vabatahtlik, ilma igasuguste sanktsioonideta \u2013 lihtsalt viis tunnistada energia ringlemist ja hoida tasakaalu vahetatud v\u00e4\u00e4rtuste vahel.<\/p>","protected":false},"excerpt":{"rendered":"<p>Me ei tea, kas tegu on karmav\u00f5laga, aga paremat terminit on raske leida. Kui oled meie tekste kasutanud ja tunned, et tahaksid midagi vastu anda, siis siin on see koht.<\/p>\n<p data-path-to-node=\"4,2\"><b>Soovituslik panus:<\/b><\/p>\n<ul data-path-to-node=\"4,3\">\n<li>\n<p data-path-to-node=\"4,3,0,0\">Lihtlugejale, kes on saanud selle raamatu lugemiseks tasuta &#8211; \u00fche kohvitassi hind v\u00f5i sinu \u00fche tunni tasu.<\/p>\n<\/li>\n<li>\n<p data-path-to-node=\"4,3,1,0\">Kommertskasutajal: 7% k\u00e4ibest v\u00f5i nagu sulle tundub \u00f5iglane.<\/p>\n<\/li>\n<\/ul>\n<p><em>NB! Tegu on vabatahtliku tasakaalupanusega \u2013 selle tehinguga ei kaasne raamatut ega faili.<\/em><\/p>","protected":false},"featured_media":1098,"template":"","meta":[],"product_brand":[],"product_cat":[21],"product_tag":[],"class_list":{"0":"post-191","1":"product","2":"type-product","3":"status-publish","4":"has-post-thumbnail","6":"product_cat-raamatud","8":"first","9":"instock","10":"virtual","11":"purchasable","12":"product-type-simple","13":"cpw-product"},"_links":{"self":[{"href":"https:\/\/mangim.com\/et\/wp-json\/wp\/v2\/product\/191","targetHints":{"allow":["GET"]}}],"collection":[{"href":"https:\/\/mangim.com\/et\/wp-json\/wp\/v2\/product"}],"about":[{"href":"https:\/\/mangim.com\/et\/wp-json\/wp\/v2\/types\/product"}],"wp:featuredmedia":[{"embeddable":true,"href":"https:\/\/mangim.com\/et\/wp-json\/wp\/v2\/media\/1098"}],"wp:attachment":[{"href":"https:\/\/mangim.com\/et\/wp-json\/wp\/v2\/media?parent=191"}],"wp:term":[{"taxonomy":"product_brand","embeddable":true,"href":"https:\/\/mangim.com\/et\/wp-json\/wp\/v2\/product_brand?post=191"},{"taxonomy":"product_cat","embeddable":true,"href":"https:\/\/mangim.com\/et\/wp-json\/wp\/v2\/product_cat?post=191"},{"taxonomy":"product_tag","embeddable":true,"href":"https:\/\/mangim.com\/et\/wp-json\/wp\/v2\/product_tag?post=191"}],"curies":[{"name":"wp","href":"https:\/\/api.w.org\/{rel}","templated":true}]}}