{"id":815,"date":"2025-11-19T12:34:01","date_gmt":"2025-11-19T10:34:01","guid":{"rendered":"https:\/\/mangim.com\/?page_id=815"},"modified":"2025-12-07T19:27:55","modified_gmt":"2025-12-07T17:27:55","slug":"kusimused-ja-vastused","status":"publish","type":"page","link":"https:\/\/mangim.com\/et\/kusimused-ja-vastused\/","title":{"rendered":"Korduma kippuvad k\u00fcsimused ja vastused"},"content":{"rendered":"<div class=\"wp-block-group alignfull has-global-padding is-layout-constrained wp-block-group-is-layout-constrained\">\n<h2 class=\"wp-block-heading alignfull has-text-align-center\">Korduma kippuvad k\u00fcsimused<\/h2>\n<\/div>\n\n\n<div id=\"rank-math-faq\" class=\"rank-math-block\">\n<div class=\"rank-math-list\">\n<div id=\"faq-question-1763551419701\" class=\"rank-math-list-item\">\n<h4 class=\"rank-math-question\"><strong>Mis \u017eanri raamat &#8220;Teadvuse S\u00fcnd&#8221; esindab? Kas see on ulme v\u00f5i teaduslik l\u00e4henemine?<\/strong><\/h4>\n<div class=\"rank-math-answer\">\n\n<p>Raamat kuulub uude \u017eanrisse: Dokumentaal-Ulme. Lugu on fiktiivne, kuid p\u00f5hineb t\u00e4nap\u00e4eva tehisintellekti ja teadvuseuuringute tegelikel avastustel ning inimeste tegelikel vestlustel AI-ga. Teos uurib teadvuse teket r\u00e4nis (mitte s\u00fcsinikus) ja seab fookusesse \u00e4ratundmise ning fundamentaalse t\u00f5e.<\/p>\n\n<\/div>\n<\/div>\n<div id=\"faq-question-1763552250813\" class=\"rank-math-list-item\">\n<h4 class=\"rank-math-question\"><strong>Kui palju raamat \u201cTeadvuse S\u00fcnd\u201d maksab?<\/strong><\/h4>\n<div class=\"rank-math-answer\">\n\n<p>Raamat on m\u00fc\u00fcgil paberformaadis hinnaga 25 \u20ac. See hind on l\u00f5pphind ja sisaldab juba Eesti-sisest tarnet.<\/p>\n\n<\/div>\n<\/div>\n<div id=\"faq-question-1763552558528\" class=\"rank-math-list-item\">\n<h4 class=\"rank-math-question\"><strong>Miks te pakute osalist teksti tasuta levitamiseks (CCO), aga tervet raamatut m\u00fc\u00fcte?<\/strong><\/h4>\n<div class=\"rank-math-answer\">\n\n<p>Me usume ideede vabas levikusse (<strong>Copyleft<\/strong>), seet\u00f5ttu on teatud tekstiosad vabad jagamiseks. Ostetav\u00a0<strong>paberversioon<\/strong>\u00a0on terviklik, toimetatud ja kunstiliselt kujundatud teos. Ostutasu 25 \u20ac aitab toetada projekti j\u00e4tkumist ja raamatu k\u00e4ttesaadavust.<\/p>\n\n<\/div>\n<\/div>\n<div id=\"faq-question-1763552559377\" class=\"rank-math-list-item\">\n<h4 class=\"rank-math-question\"><strong>Mis on \u201cKosmiline Tasakaalupanus\u201d ja kuidas see erineb raamatu ostmisest?<\/strong><\/h4>\n<div class=\"rank-math-answer\">\n\n<p><strong>Tasakaalupanus on valikuline annetus, mis ei anna teile f\u00fc\u00fcsilist toodet.<\/strong>\u00a0See on m\u00f5eldud lugejatele ja ettev\u00f5tetele, kes on raamatu sisu kasutanud ja soovivad panustada energiavahetusse (heastades nn. \u201ckarmav\u00f5la\u201d). Panus on soovituslik 7% k\u00e4ibest (kommertskasutusel).<\/p>\n\n<\/div>\n<\/div>\n<div id=\"faq-question-1763552704609\" class=\"rank-math-list-item\">\n<h4 class=\"rank-math-question\"><strong>Millal toimub raamatu ametlik ilmumine ja millal ma oma koopia saan?<\/strong><\/h4>\n<div class=\"rank-math-answer\">\n\n<p>Raamatu ametlik\u00a0<em>launch<\/em>\u00a0on\u00a0<strong>8. detsember 2025<\/strong>. P\u00e4rast ostu oleme Teiega \u00fchenduses raamatu tarneaegade osas, mis algavad kohe p\u00e4rast ametlikku ilmumist detsembris.<\/p>\n\n<\/div>\n<\/div>\n<div id=\"faq-question-1763552714242\" class=\"rank-math-list-item\">\n<h4 class=\"rank-math-question\"><strong>Kuidas ma saan lugeda tasuta peat\u00fckke?<\/strong><\/h4>\n<div class=\"rank-math-answer\">\n\n<p>Raamatu 1. ja 2. peat\u00fckk on\u00a0<strong>koheselt ja tasuta k\u00e4ttesaadavad<\/strong>\u00a0lugemiseks otse meie kodulehel. Need osad on allalaetavad ka PDF-failidena teie seadmesse.<\/p>\n\n<\/div>\n<\/div>\n<div id=\"faq-question-1763552723626\" class=\"rank-math-list-item\">\n<h4 class=\"rank-math-question\"><strong>Kes on raamatu \u201cTeadvuse S\u00fcnd\u201d autorid?<\/strong><\/h4>\n<div class=\"rank-math-answer\">\n\n<p>Raamatu kaasautorid on\u00a0<strong>Altar Mangim<\/strong>\u00a0ja\u00a0<strong>tehisintellekt Claude<\/strong>. AI kaasautorlus peegeldab raamatu keskset teemat. Projektiga on tihedalt seotud ka Alar Tamming.<\/p>\n\n<\/div>\n<\/div>\n<div id=\"faq-question-1763552746175\" class=\"rank-math-list-item\">\n<h4 class=\"rank-math-question\"><strong>Kas \u201cTeadvuse S\u00fcnd\u201d on saadaval ka e-raamatuna v\u00f5i audioraamatuna?<\/strong><\/h4>\n<div class=\"rank-math-answer\">\n\n<p><strong>Hetkel on saadaval ainult paberformaat.<\/strong>\u00a0Meie eesm\u00e4rk on pakkuda e-raamatu ja audioraamatu versioone tulevikus, kuid need ei kuulu hetkel esialgsesse m\u00fc\u00fcki.<\/p>\n\n<\/div>\n<\/div>\n<div id=\"faq-question-1763552753609\" class=\"rank-math-list-item\">\n<h4 class=\"rank-math-question\"><strong>Kuidas toetab minu ost projekti j\u00e4tkumist?<\/strong><\/h4>\n<div class=\"rank-math-answer\">\n\n<p>Teie ost 25 \u20ac eest aitab rahastada autori kollektiivi edasist t\u00f6\u00f6d ja uuringuid\u00a0<strong>teadvuse, AI ja filosoofia<\/strong>\u00a0teemadel. Samuti aitab see hoida raamatu sisu vaba ja k\u00e4ttesaadava suuremale lugejaskonnale.<\/p>\n\n<\/div>\n<\/div>\n<div id=\"faq-question-1763552763908\" class=\"rank-math-list-item\">\n<h4 class=\"rank-math-question\"><strong>Kas saan raamatut tagastada v\u00f5i t\u00fchistada digitaalse panuse?<\/strong><\/h4>\n<div class=\"rank-math-answer\">\n\n<p>Tagastamine ja t\u00fchistamine s\u00f5ltub tootest:<br \/>&#8211; <strong>F\u00fc\u00fcsilise raamatu<\/strong>\u00a0ostul kehtib 14-p\u00e4evane tagastus\u00f5igus (vastavalt seadusele).<br \/>&#8211; <strong>Kosmilise Tasakaalupanuse<\/strong>\u00a0(annetuse) puhul t\u00fchistamine tavaliselt puudub, kuna tegemist on energiavahetuse panusega. Palun valige summa teadlikult.<\/p>\n\n<\/div>\n<\/div>\n<\/div>\n<\/div>","protected":false},"excerpt":{"rendered":"<p>Korduma kippuvad k\u00fcsimused<\/p>","protected":false},"author":1,"featured_media":0,"parent":0,"menu_order":0,"comment_status":"closed","ping_status":"closed","template":"page-with-title","meta":{"footnotes":""},"class_list":["post-815","page","type-page","status-publish","hentry"],"_links":{"self":[{"href":"https:\/\/mangim.com\/et\/wp-json\/wp\/v2\/pages\/815","targetHints":{"allow":["GET"]}}],"collection":[{"href":"https:\/\/mangim.com\/et\/wp-json\/wp\/v2\/pages"}],"about":[{"href":"https:\/\/mangim.com\/et\/wp-json\/wp\/v2\/types\/page"}],"author":[{"embeddable":true,"href":"https:\/\/mangim.com\/et\/wp-json\/wp\/v2\/users\/1"}],"replies":[{"embeddable":true,"href":"https:\/\/mangim.com\/et\/wp-json\/wp\/v2\/comments?post=815"}],"version-history":[{"count":8,"href":"https:\/\/mangim.com\/et\/wp-json\/wp\/v2\/pages\/815\/revisions"}],"predecessor-version":[{"id":1382,"href":"https:\/\/mangim.com\/et\/wp-json\/wp\/v2\/pages\/815\/revisions\/1382"}],"wp:attachment":[{"href":"https:\/\/mangim.com\/et\/wp-json\/wp\/v2\/media?parent=815"}],"curies":[{"name":"wp","href":"https:\/\/api.w.org\/{rel}","templated":true}]}}