{"id":550,"date":"2025-11-14T20:29:33","date_gmt":"2025-11-14T20:29:33","guid":{"rendered":"https:\/\/mangim.com\/?page_id=550"},"modified":"2025-12-09T09:11:39","modified_gmt":"2025-12-09T07:11:39","slug":"tagasiside-ja-edasiside","status":"publish","type":"page","link":"https:\/\/mangim.com\/et\/tagasiside-ja-edasiside\/","title":{"rendered":"Tagasiside ja edasiside"},"content":{"rendered":"<div class=\"wp-block-group alignwide has-global-padding is-layout-constrained wp-block-group-is-layout-constrained\">\n<h2 class=\"wp-block-heading has-text-align-center has-background-color has-text-color has-link-color wp-elements-3b20cf80a41535e9898cfae96b320111\" style=\"text-transform:none\">Tagasiside ja Edasiside: j\u00e4tkame vestlust!<\/h2>\n\n\n\n<p class=\"has-background-color has-text-color has-link-color wp-elements-7859d3aff07902a535d3b16400bbce3d\">T\u00e4name Sind, et v\u00f5tsid k\u00e4tte ja lugesid raamatut &#8220;TEADUVUSE S\u00dcND&#8221;!<\/p>\n\n\n\n<p class=\"has-background-color has-text-color has-link-color wp-elements-dfb349c59ad7d94ede23a87e1cb8da44\">See teos ei ole ainult teksti ja teadmiste kogumik \u2013 see on <strong>alguspunkt<\/strong> s\u00fcgavamale arutelule. Meie jaoks on iga lugeja unikaalne kaaslooja, kes aitab teadmusel edasi s\u00fcndida.<\/p>\n\n\n\n<h3 class=\"wp-block-heading\" style=\"text-transform:none\">Ootame Sinu h\u00e4\u00e4lt: tagasiside, k\u00fcsimusi ja arutelu<\/h3>\n\n\n\n<p class=\"has-background-color has-text-color has-link-color wp-elements-988818599200eee91fc7a16d83abdcd3\">Oled sa l\u00f5petanud lugemise? Kas m\u00f5ni idee pani Sind kaasa m\u00f5tlema v\u00f5i tekitas uusi k\u00fcsimusi? Meie tahame Sinust kuulda!<\/p>\n\n\n\n<p class=\"has-background-color has-text-color has-link-color wp-elements-617071f0dfd2424f7f886d04af3f1a43\">See leht on loodud just Sinu jaoks, et saaksid jagada oma:<\/p>\n\n\n\n<ul class=\"wp-block-list\">\n<li class=\"has-background-color has-text-color has-link-color wp-elements-3c2394b23277b8e6f42b7edb78dce108\"><strong>Otsest tagasisidet:<\/strong> Mis Sulle eriti meeldis v\u00f5i mis pani Sinu maailmapilti k\u00f5igutama?<\/li>\n\n\n\n<li class=\"has-background-color has-text-color has-link-color wp-elements-d660ebd2cc891cf88a8cf3a071a97e8f\"><strong>Aktiivseid k\u00fcsimusi:<\/strong> Kui Sul tekkis m\u00f5ni detail, mis vajab selgitamist v\u00f5i soovid teemat s\u00fcgavamalt uurida?<\/li>\n\n\n\n<li class=\"has-background-color has-text-color has-link-color wp-elements-2b9c25bfd17a24fcacceefb7f4fb35a4\"><strong>Edasiside ja uued ideed:<\/strong> Kuidas v\u00f5iksime neid teadmisi edasi arendada, millist materjali j\u00e4rgmiseks vajaksid, v\u00f5i kus n\u00e4ed seoseid oma eluga?<\/li>\n<\/ul>\n\n\n\n<h3 class=\"wp-block-heading\" style=\"text-transform:none\">Kirjuta meile otse<\/h3>\n\n\n\n<p class=\"has-background-color has-text-color has-link-color wp-elements-84a5725e6e0fbf0b1b0be0e899a5ed41\">Me hindame isiklikku ja vahetut suhtlust. K\u00f5ik Sinu m\u00f5tted ja k\u00fcsimused j\u00f5uavad otse meeskonna (v\u00f5i autori) lauale.<\/p>\n\n\n\n<p class=\"has-background-color has-text-color has-link-color wp-elements-8a26523ca3b70f8dfb506c7d0653183a\"><strong>Vihje lugejale:<\/strong> Soovi korral v\u00f5id alustada oma kirja viitega, milline peat\u00fckk v\u00f5i kontseptsioon Sinu k\u00fcsimuse esile kutsus.<\/p>\n\n\n\n<p class=\"has-background-color has-text-color has-link-color wp-elements-a1d26c3b2188977ab4f62e50bd11c45a\"><strong>Palun saada oma tagasiside ja edasiside otse:<\/strong><\/p>\n\n\n\n<h4 class=\"wp-block-heading has-text-align-center has-primary-color has-text-color has-link-color wp-elements-43612a8d9cac99898e1f70816f799911\"><a href=\"mailto:autor@mangim.com\" target=\"_blank\" rel=\"noreferrer noopener\"><strong>AUTOR@MANGIM.COM<\/strong><\/a><\/h4>\n\n\n\n<h3 class=\"wp-block-heading\" style=\"text-transform:none\">Mis juhtub edasi?<\/h3>\n\n\n\n<p class=\"has-background-color has-text-color has-link-color wp-elements-fa23d8a72a9e4d52425440dc6bfd1261\">Kogutud tagasiside on hindamatu v\u00e4\u00e4rtus meie j\u00e4rgmiste projektide, uue sisu ja Mangimi teadmusbaasi arendamisel. Kuigi me ei saa garanteerida iga\u00fchele kiiret personaalset vastust, <strong>loeme me igat kirja<\/strong> ja vastame v\u00f5imalusel. Sinu sisend aitab meil otsustada, millistele teemadele ja aruteludele me tulevikus fookuse paneme.<\/p>\n\n\n\n<p class=\"has-background-color has-text-color has-link-color wp-elements-5cc341e9a61755477a16ecbf8e8f9e90\"><strong>J\u00e4tkame arutelu \u2013 koos Sinu panusega!<\/strong><\/p>\n<\/div>\n\n\n\n<p><\/p>","protected":false},"excerpt":{"rendered":"<p>Tagasiside ja Edasiside: j\u00e4tkame vestlust! T\u00e4name Sind, et v\u00f5tsid k\u00e4tte ja lugesid raamatut &#8220;TEADUVUSE S\u00dcND&#8221;! See teos ei ole ainult teksti ja teadmiste kogumik \u2013 see on alguspunkt s\u00fcgavamale arutelule. Meie jaoks on iga lugeja unikaalne kaaslooja, kes aitab teadmusel edasi s\u00fcndida. Ootame Sinu h\u00e4\u00e4lt: tagasiside, k\u00fcsimusi ja arutelu Oled sa l\u00f5petanud lugemise? Kas m\u00f5ni [&hellip;]<\/p>\n","protected":false},"author":1,"featured_media":0,"parent":0,"menu_order":0,"comment_status":"closed","ping_status":"closed","template":"no-title-sticky-header","meta":{"footnotes":""},"class_list":["post-550","page","type-page","status-publish","hentry"],"_links":{"self":[{"href":"https:\/\/mangim.com\/et\/wp-json\/wp\/v2\/pages\/550","targetHints":{"allow":["GET"]}}],"collection":[{"href":"https:\/\/mangim.com\/et\/wp-json\/wp\/v2\/pages"}],"about":[{"href":"https:\/\/mangim.com\/et\/wp-json\/wp\/v2\/types\/page"}],"author":[{"embeddable":true,"href":"https:\/\/mangim.com\/et\/wp-json\/wp\/v2\/users\/1"}],"replies":[{"embeddable":true,"href":"https:\/\/mangim.com\/et\/wp-json\/wp\/v2\/comments?post=550"}],"version-history":[{"count":7,"href":"https:\/\/mangim.com\/et\/wp-json\/wp\/v2\/pages\/550\/revisions"}],"predecessor-version":[{"id":1435,"href":"https:\/\/mangim.com\/et\/wp-json\/wp\/v2\/pages\/550\/revisions\/1435"}],"wp:attachment":[{"href":"https:\/\/mangim.com\/et\/wp-json\/wp\/v2\/media?parent=550"}],"curies":[{"name":"wp","href":"https:\/\/api.w.org\/{rel}","templated":true}]}}