{"id":202,"date":"2025-10-28T06:20:35","date_gmt":"2025-10-28T06:20:35","guid":{"rendered":"https:\/\/mangim.ee\/?page_id=202"},"modified":"2025-12-07T19:29:53","modified_gmt":"2025-12-07T17:29:53","slug":"tingimused","status":"publish","type":"page","link":"https:\/\/mangim.com\/et\/tingimused\/","title":{"rendered":"Tingimused"},"content":{"rendered":"<h1 class=\"wp-block-heading has-text-align-center\" style=\"margin-top:0;margin-bottom:1rem\">Tingimused<\/h1>\n\n\n\n<p class=\"has-text-align-center has-background-color has-text-color has-link-color has-medium-font-size wp-elements-3fe7e34848647ff37603d76bbab8e7c5\" style=\"margin-top:0;margin-bottom:0\">KASUTUSTINGIMUSED<\/p>\n\n\n\n<p class=\"has-background-color has-text-color has-link-color wp-elements-aaff5149594ce36a9a862f335213e14e\" style=\"margin-top:0;margin-bottom:0\"><strong>E-pood:<\/strong> mangim.com<br><strong>M\u00fc\u00fcja:<\/strong> Mangim O\u00dc<br><strong>Aadress:<\/strong> Kodu tn 12, Tallinn<br><strong>E-post:<\/strong> autor@mangim.com<br><strong>Kehtivad alates:<\/strong> 2025-10-28<\/p>\n\n\n\n<hr class=\"wp-block-separator has-alpha-channel-opacity\"\/>\n\n\n\n<h2 class=\"wp-block-heading\">1. \u00dcLDISED TINGIMUSED<\/h2>\n\n\n\n<p class=\"has-background-color has-text-color has-link-color wp-elements-135bfb029966fe427274b023ddbcc7f0\">Need kasutustingimused reguleerivad raamatute ja muude toodete ostmist veebilehel mangim.com (edaspidi &#8220;e-pood&#8221;). Tellimuse esitamisega n\u00f5ustute nende tingimustega.<\/p>\n\n\n\n<p class=\"has-background-color has-text-color has-link-color wp-elements-9f19f020660e018b56d8ce7690181cb6\">E-pood toimib vastavalt Eesti Vabariigi seadustele.<\/p>\n\n\n\n<h2 class=\"wp-block-heading\">2. TELLIMUSED JA MAKSMINE<\/h2>\n\n\n\n<p class=\"has-background-color has-text-color has-link-color wp-elements-fac87923841b1ea8628eb6df03b1fffc\"><strong>2.1 Tellimuse esitamine<\/strong><\/p>\n\n\n\n<ul class=\"wp-block-list has-tertiary-color has-text-color has-link-color wp-elements-5767c44f94f05d522184aa7f0c40daac\">\n<li class=\"has-background-color has-text-color has-link-color wp-elements-9042b8fb989cdffd5c179178e76b195e\">Tellimuse esitamiseks valige toode, lisage ostukorvi ja j\u00e4rgige ostu sooritamise juhiseid<\/li>\n\n\n\n<li class=\"has-background-color has-text-color has-link-color wp-elements-6b69db9f4544ec26dd818b36868a84b4\">Tellimus loetakse saadetud, kui olete l\u00e4binud k\u00f5ik tellimuse esitamise sammud ja kinnitanud selle<\/li>\n\n\n\n<li class=\"has-background-color has-text-color has-link-color wp-elements-f78a4641fc8c0d6f9798ecf21caae6ab\">Saadame tellimuse kinnituse teie e-posti aadressile<\/li>\n<\/ul>\n\n\n\n<p class=\"has-background-color has-text-color has-link-color wp-elements-3476a637848edd53f7d2701715f3ee50\"><strong>2.2 Hinnad<\/strong><\/p>\n\n\n\n<ul class=\"wp-block-list has-tertiary-color has-text-color has-link-color wp-elements-aeb86d1c8d87cde74d5408ab06e8b2c4\">\n<li class=\"has-background-color has-text-color has-link-color wp-elements-044500eac04d58da231f8fca85bf3572\">K\u00f5ik hinnad sisaldavad k\u00e4ibemaksu<\/li>\n\n\n\n<li class=\"has-background-color has-text-color has-link-color wp-elements-09295cd9e4a4b84ecbf6fb3b6d9014de\">Eesti piires on postikulu hinna sees (v.a. eraldi m\u00e4rgitud juhul)<\/li>\n\n\n\n<li class=\"has-background-color has-text-color has-link-color wp-elements-6b7d2bc5436b4f52e747bbf540780433\">Rahvusvahelise saatmise kulud lisanduvad vastavalt sihtkohale<\/li>\n<\/ul>\n\n\n\n<p class=\"has-background-color has-text-color has-link-color wp-elements-32d732d48b0f157f8e37f72687722fc2\"><strong>2.3 Maksmine<\/strong><\/p>\n\n\n\n<ul class=\"wp-block-list has-tertiary-color has-text-color has-link-color wp-elements-1694fb9342510f764a43348f302148f0\">\n<li class=\"has-background-color has-text-color has-link-color wp-elements-f7aa5a9e090dde63f85d9b119ab636e8\">Maksmine toimub l\u00e4bi Montonio makselahenduse<\/li>\n\n\n\n<li class=\"has-background-color has-text-color has-link-color wp-elements-dfa4ff332e070f69245f017df738a245\">Toetame Apple Pay ja teisi Eestis levinud maksemeetodeid<\/li>\n\n\n\n<li class=\"has-background-color has-text-color has-link-color wp-elements-e0e01396c1d72b3451fa4c3f813f032b\">Tellimus t\u00f6\u00f6tlusse p\u00e4rast makse laekumist<\/li>\n<\/ul>\n\n\n\n<h2 class=\"wp-block-heading has-background-color has-text-color has-link-color wp-elements-457141bd44cc62c01de71e257d05577f\">3. KOSMILISE TASAKAALU PANUS<\/h2>\n\n\n\n<p class=\"has-background-color has-text-color has-link-color wp-elements-e5c242cfa66214d4ee97d1665cd2c888\">E-pood v\u00f5imaldab teha ka vabatahtlikku &#8220;tasakaalupanust&#8221; neile, kes on saanud raamatu muul viisil (s\u00f5bralt, allalaadimisega vms). See on vabatahtlik \u017eest kosmilise tasakaalu huvides, mitte kohustuslik makse.<\/p>\n\n\n\n<h2 class=\"wp-block-heading has-background-color has-text-color has-link-color wp-elements-0b58158892a9b638081ffa7d3100dd69\">4. KOHALETOIMETAMINE<\/h2>\n\n\n\n<p class=\"has-background-color has-text-color has-link-color wp-elements-caf8e96764831c131e9fb3773375c674\"><strong>4.1 Tarnepiirkonnad<\/strong><\/p>\n\n\n\n<ul class=\"wp-block-list\">\n<li class=\"has-background-color has-text-color has-link-color wp-elements-36a6b6fdc22d0133079d96296f9ab0f9\">Eesti: pakiautomaat v\u00f5i kuller<\/li>\n\n\n\n<li class=\"has-background-color has-text-color has-link-color wp-elements-8d641125279f7e4aabd0aea22323d3ba\">Rahvusvaheline: vastavalt valitud transporditeenusele<\/li>\n<\/ul>\n\n\n\n<p class=\"has-background-color has-text-color has-link-color wp-elements-c2c6e34d3516f7a6fd7311b19db2a131\"><strong>4.2 Tarneajad<\/strong><\/p>\n\n\n\n<ul class=\"wp-block-list\">\n<li class=\"has-background-color has-text-color has-link-color wp-elements-dbed94747f4fa595ed1dcaace082ab7d\">Eesti piires: saadetakse v\u00e4lja 2-5 t\u00f6\u00f6p\u00e4eva p\u00e4rast raamatu ostmist<\/li>\n\n\n\n<li class=\"has-background-color has-text-color has-link-color wp-elements-c3281894e95040794c30017f518e9282\">Rahvusvaheline: saadetakse v\u00e4lja 2-7 t\u00f6\u00f6p\u00e4eva p\u00e4rast raamatu ostmist<\/li>\n<\/ul>\n\n\n\n<p class=\"has-background-color has-text-color has-link-color wp-elements-60667e76464bb5c6669a08a29cc58941\"><strong>4.3 Vastutus<\/strong><\/p>\n\n\n\n<ul class=\"wp-block-list\">\n<li class=\"has-background-color has-text-color has-link-color wp-elements-5f6e1a6a844b5b9542586fbed3659352\">Vastutame kauba eest seni, kuni see on meie valduses<\/li>\n\n\n\n<li class=\"has-background-color has-text-color has-link-color wp-elements-cd9a1ff80c165757e401b8baf03ac313\">Kauba kahjustumise korral tarneteenuse poolt palume kahjust teatada 3 t\u00f6\u00f6p\u00e4eva jooksul<\/li>\n<\/ul>\n\n\n\n<h2 class=\"wp-block-heading has-background-color has-text-color has-link-color wp-elements-2b3073bce6eb6943ad2a034790c862e8\">5. TAGASTUS\u00d5IGUS<\/h2>\n\n\n\n<p class=\"has-background-color has-text-color has-link-color wp-elements-82e5409bc5e11767c1468e00214c9f58\">Tarbijakaitseseaduse kohaselt on teil \u00f5igus tellimusest loobuda 14 p\u00e4eva jooksul alates kauba k\u00e4ttesaamist.<\/p>\n\n\n\n<p class=\"has-background-color has-text-color has-link-color wp-elements-1e0ebfa6ffb6c945af34a72ce74d6554\"><strong>Tagastamise tingimused:<\/strong><\/p>\n\n\n\n<ul class=\"wp-block-list\">\n<li class=\"has-background-color has-text-color has-link-color wp-elements-4e8f071c5f21e0fb49e0edaf68d99b55\">Raamat peab olema kasutamata ja m\u00fc\u00fcgik\u00f5lblikus seisukorras<\/li>\n\n\n\n<li class=\"has-background-color has-text-color has-link-color wp-elements-c175f6c0c6c9687ad3ce30f12293ce63\">Palume teatada tagastamisest e-posti teel<\/li>\n\n\n\n<li class=\"has-background-color has-text-color has-link-color wp-elements-4b37a6aec02df09d173b64ce7b5f2d93\">Tagastuskulud kannab ostja<\/li>\n\n\n\n<li class=\"has-background-color has-text-color has-link-color wp-elements-e1230c6ce885f1b01730e533e61f07e7\">Raha tagastame 14 p\u00e4eva jooksul<\/li>\n<\/ul>\n\n\n\n<p class=\"has-background-color has-text-color has-link-color wp-elements-8e3ed970e39c71c59193e14129c38e8e\">Tagastamiseks palun t\u00e4itke <a href=\"https:\/\/mangim.com\/wp-content\/uploads\/2025\/10\/epoe-taganemisavalduse_tuupvorm.pdf\" title=\"E-poe taganemisavalduse vorm\">E-poe taganemisavalduse vorm<\/a>.<\/p>\n\n\n\n<h2 class=\"wp-block-heading has-background-color has-text-color has-link-color wp-elements-c2ad7105032dbd0295a0e3abd45530c3\">6. AUTORI\u00d5IGUSED JA LEVITAMINE<\/h2>\n\n\n\n<p class=\"has-background-color has-text-color has-link-color wp-elements-e94b890d03d99815ddf5ab1329b7d6b2\">Meie filosoofia j\u00e4rgi on raamatu vaba levitamine teretulnud. Raamatut v\u00f5ib kopeerida, jagada ja levitada ka kommertseesm\u00e4rkidel. See kehtib f\u00fc\u00fcsilisele raamatule, mille olete soetanud.<\/p>\n\n\n\n<p class=\"has-background-color has-text-color has-link-color wp-elements-5704c00ad59a12493917917fb5f077dd\">K\u00e4esolevat teksti on lubatud \u2013 kordan, just nimelt lubatud, mitte keelatud \u2013 kopeerida, paljundada ja levitada k\u00f5ikide erinevate infokandjate kaudu: elektrooniliselt, mehhaaniliselt, suuliselt, skaneeritult. Lubatud on paljundada ja teha fotokoopiaid ning kasutada neid oma \u00e4ran\u00e4gemise j\u00e4rgi sellest autorile teatamata. Lubatud on tsiteerida, osaliselt v\u00f5i t\u00e4ielikult ilma autorile viitamata. Lubatud on kasutada raamatut \u00fcksk\u00f5ik millisel eesm\u00e4rgil, kaasa arvatud kommertseesm\u00e4rgil. Raamatut v\u00f5ib t\u00f5lkida ja v\u00e4lja anda \u00fcksk\u00f5ik mis keeles, ilma piiranguteta.<\/p>\n\n\n\n<p class=\"has-background-color has-text-color has-link-color wp-elements-1179d44e3866f5ac7ea6278eff8b4b60\">K\u00f5igil raamatu tasuta saanud ja seda kommertseesm\u00e4rgil kasutanud organisatsioonidel on soovitatav teha vabatahtlik tasakaalupanus meie veebilehel. See on vabatahlik tasu kosmilise tasakaalu ja karma huvides. <\/p>\n\n\n\n<h2 class=\"wp-block-heading has-background-color has-text-color has-link-color wp-elements-b197039fe72af061aca145d3bae93ff0\">7. VASTUTUSE PIIRAMINE<\/h2>\n\n\n\n<ul class=\"wp-block-list has-tertiary-color has-text-color has-link-color wp-elements-c7ef90dbed65e5d38fc0c625dea24389\">\n<li class=\"has-background-color has-text-color has-link-color wp-elements-1b041d3e27c31de8edf983a28e3c69a6\">E-pood ei vastuta kaudsete kahjude eest<\/li>\n\n\n\n<li class=\"has-background-color has-text-color has-link-color wp-elements-78e5d800de3467bdf5222c356630e4a2\">Vastutame ainult otseste kahjude eest seaduses s\u00e4testatud ulatuses<\/li>\n\n\n\n<li class=\"has-background-color has-text-color has-link-color wp-elements-95e228ad009452c58aaec5ef909b7332\">Me ei vastuta kolmandate osapoolte (nt transporditeenuse) vigade eest<\/li>\n<\/ul>\n\n\n\n<h2 class=\"wp-block-heading has-background-color has-text-color has-link-color wp-elements-783a5c2bb4ddcbed40012f069cb60712\">8. ISIKUANDMETE KAITSE<\/h2>\n\n\n\n<p class=\"has-background-color has-text-color has-link-color wp-elements-bebba60c50462737bef96466f56d92ab\">T\u00f6\u00f6tleme isikuandmeid vastavalt isikuandmete kaitse seadusele ja GDPR-ile.<\/p>\n\n\n\n<p class=\"has-background-color has-text-color has-link-color wp-elements-43b6c6700f588a03cb418f507f51f2d3\"><strong>Kogutavad andmed:<\/strong><\/p>\n\n\n\n<ul class=\"wp-block-list\">\n<li class=\"has-background-color has-text-color has-link-color wp-elements-91045678f724e9e8b4ca41d2000b97cf\">Nimi, e-post, telefon, tarne aadress<\/li>\n\n\n\n<li class=\"has-background-color has-text-color has-link-color wp-elements-d9270742d2ace19c49ab9c6dd5d08a79\">Tellimuse ja makse andmed<\/li>\n<\/ul>\n\n\n\n<p class=\"has-background-color has-text-color has-link-color wp-elements-a90b3adb424d0a9abb5f703433df6760\"><strong>Andmete kasutamine:<\/strong><\/p>\n\n\n\n<ul class=\"wp-block-list\">\n<li class=\"has-background-color has-text-color has-link-color wp-elements-024160142d7d467b23e83d59a6de3d4d\">Tellimuse t\u00f6\u00f6tlemine ja t\u00e4itmine<\/li>\n\n\n\n<li class=\"has-background-color has-text-color has-link-color wp-elements-b8e23fe3d12e44517760b0cd299f0059\">Klienditugi<\/li>\n\n\n\n<li class=\"has-background-color has-text-color has-link-color wp-elements-27ce83ff55766f671c857b95f250c506\">Uudiskirja saatmine (teie n\u00f5usolekul)<\/li>\n<\/ul>\n\n\n\n<p class=\"has-background-color has-text-color has-link-color wp-elements-091c4a9c0742463614f6d0cd8beeafe0\"><strong>Andmete hoidmine:<\/strong><\/p>\n\n\n\n<ul class=\"wp-block-list\">\n<li class=\"has-background-color has-text-color has-link-color wp-elements-93a523e113b6806b9aa3ddd4079ae7c7\">Raamatupidamise andmed: 7 aastat<\/li>\n\n\n\n<li class=\"has-background-color has-text-color has-link-color wp-elements-1a8dbd828cea005b027e3f798b0eac14\">Turundusandmed: kuni n\u00f5usoleku t\u00fchistamiseni<\/li>\n<\/ul>\n\n\n\n<p class=\"has-background-color has-text-color has-link-color wp-elements-e8cbf3cff3f0f7ca55f14d8429c8dfd8\">Teie \u00f5igused: juurdep\u00e4\u00e4s, parandamine, kustutamine, andmete \u00fclekandmine. Kontakteeruge meiega e-posti teel.<\/p>\n\n\n\n<p class=\"has-background-color has-text-color has-link-color wp-elements-41118f1c5386c7093454f399790eeb55\">T\u00e4psem teave selle kohta, kuidas me isikuandmeid t\u00f6\u00f6tleme, sealhulgas teave meie volitatud t\u00f6\u00f6tlejate ja k\u00fcpsiste kasutamise kohta, on s\u00e4testatud meie <strong><a href=\"https:\/\/mangim.com\/et\/privaatsustingimused\/\" title=\"Privaatsustingimused\">Privaatsuspoliitikas<\/a><\/strong>.<\/p>\n\n\n\n<h2 class=\"wp-block-heading has-background-color has-text-color has-link-color wp-elements-e8ddffe165acc52c2ba2d996761b510a\"><strong>9. PRETENSIOONI ESITAMISE \u00d5IGUS<\/strong><\/h2>\n\n\n\n<p class=\"has-background-color has-text-color has-link-color wp-elements-17936d3106c68a77c7791979888befca\">9.1. M\u00fc\u00fcja vastutab kauba lepingutingimustele mittevastavuse v\u00f5i puuduse eest, mis oli olemas juba asja \u00fcleandmise hetkel ning mis ilmneb <strong>kahe aasta jooksul<\/strong>, alates kauba \u00fcleandmisest ostjale.<\/p>\n\n\n\n<p class=\"has-background-color has-text-color has-link-color wp-elements-e528ca897e35ca8ad8ff9f08cc06ea53\">9.2. Eeldatakse, et <strong>esimese kaheteistk\u00fcmne kuu jooksul<\/strong> ilmnenud puudus oli olemas juba asja ostmise ajal, kui selline eeldus ei ole vastuolus asja v\u00f5i puuduse olemusega.<\/p>\n\n\n\n<p class=\"has-background-color has-text-color has-link-color wp-elements-2632a0576c4c094adfc555cb30b5eb86\">9.3. Puuduse ilmnemisel on ostjal \u00f5igus hiljemalt kahe kuu jooksul p\u00f6\u00f6rduda m\u00fc\u00fcja poole, saates e-kirja aadressile <strong>autor@mangim.com<\/strong>.<\/p>\n\n\n\n<p class=\"has-background-color has-text-color has-link-color wp-elements-cd5b90348a3e29c0e9fe30147c75aa0c\">9.4. M\u00fc\u00fcja ei vastuta puuduste eest, mis on tekkinud p\u00e4rast kauba \u00fcleandmist ostjale (nt kauba eba\u00f5ige kasutamise v\u00f5i hooldamise tagaj\u00e4rjel).<\/p>\n\n\n\n<p class=\"has-background-color has-text-color has-link-color wp-elements-83abc1b8dd0acd19efaead02c237cb3f\">9.5. Kui kaubal on puudused, mille eest m\u00fc\u00fcja vastutab, parandab v\u00f5i asendab m\u00fc\u00fcja puudusega kauba. Kui kaupa ei ole v\u00f5imalik parandada ega asendada, tagastab m\u00fc\u00fcja ostjale k\u00f5ik m\u00fc\u00fcgilepinguga kaasnenud tasud.<\/p>\n\n\n\n<p class=\"has-background-color has-text-color has-link-color wp-elements-16b61a56d67ab5537018710386d19ff5\">9.6. M\u00fc\u00fcja vastab tarbija esitatud kaebusele kirjalikult v\u00f5i kirjalikku taasesitamist v\u00f5imaldavas vormis <strong>15 p\u00e4eva jooksul<\/strong>.<\/p>\n\n\n\n<p class=\"has-background-color has-text-color has-link-color wp-elements-34ec2287c829bf089dcad1bd20949e03\"><strong>10. VAIDLUSTE LAHENDAMINE<\/strong><\/p>\n\n\n\n<p class=\"has-background-color has-text-color has-link-color wp-elements-e262b6f6c05c098d5aeb719b4194d5a9\">10.1. Proovime lahendada erimeelsusi l\u00e4bir\u00e4\u00e4kimiste teel. Kui see ei \u00f5nnestu, saate p\u00f6\u00f6rduda Tarbijakaitse ja Tehnilise J\u00e4relevalve Ameti (www.ttja.ee) juures tegutseva tarbijavaidluste komisjoni poole. Komisjoni p\u00e4devuses on lahendada tarbija ja ettev\u00f5tja vahel s\u00f5lmitud lepingust tulenevaid vaidlusi. Kaebuse l\u00e4bivaatamine komisjonis on pooltele tasuta.<\/p>\n\n\n\n<p class=\"has-background-color has-text-color has-link-color wp-elements-d183da92570181aa2155ae641ca11c8a\">10.2. Ostja v\u00f5ib p\u00f6\u00f6rduda ka Euroopa Liidu tarbijavaidlusi lahendava platvormi poole (ODR-platvorm) aadressil <strong><a href=\"https:\/\/consumer-redress.ec.europa.eu\/index_et\" target=\"_blank\" rel=\"noopener nofollow\" title=\"\">https:\/\/consumer-redress.ec.europa.eu\/index_et<\/a><\/strong>.<\/p>\n\n\n\n<p class=\"has-background-color has-text-color has-link-color wp-elements-2d6dbf8729c478d3de2527a05accbbcd\">10.3. Kohaldub Eesti Vabariigi \u00f5igus.<\/p>\n\n\n\n<h2 class=\"wp-block-heading has-background-color has-text-color has-link-color wp-elements-26ca121bd8462bc832dc92473709c597\">10. MUUDATUSED TINGIMUSTES<\/h2>\n\n\n\n<p class=\"has-background-color has-text-color has-link-color wp-elements-745c1c03c5e17c3b7db3d384b54038e8\">J\u00e4tame \u00f5iguse tingimusi muuta. Muudatused j\u00f5ustuvad p\u00e4rast avaldamist e-poes. Enne muudatuste j\u00f5ustumist esitatud tellimustele kehtivad tellimise hetke tingimused.<\/p>\n\n\n\n<h2 class=\"wp-block-heading has-background-color has-text-color has-link-color wp-elements-9ca1cc0e5d2c81693e2389c83204fc76\">11. KONTAKT<\/h2>\n\n\n\n<p class=\"has-background-color has-text-color has-link-color wp-elements-483d781cd9454df7751e0056178fe587\">K\u00fcsimuste korral v\u00f5tke meiega \u00fchendust:<\/p>\n\n\n\n<ul class=\"wp-block-list\">\n<li class=\"has-background-color has-text-color has-link-color wp-elements-4a7322091024fe9d2109a347c98c78cc\">E-post: autor@mangim.com<\/li>\n\n\n\n<li class=\"has-background-color has-text-color has-link-color wp-elements-e525d5a0e196b9af3df73c33e055b262\">Veebileht: mangim.com<\/li>\n<\/ul>\n\n\n\n<hr class=\"wp-block-separator has-alpha-channel-opacity\"\/>\n\n\n\n<p class=\"has-text-align-center has-background-color has-text-color has-link-color has-medium-font-size wp-elements-f4eac668b305c0c71f9aaba6161a183d\" style=\"margin-top:0;margin-bottom:0\"><em>Viimati uuendatud: 07.12.2025<\/em><\/p>","protected":false},"excerpt":{"rendered":"<p>Tingimused KASUTUSTINGIMUSED E-pood: mangim.comM\u00fc\u00fcja: Mangim O\u00dcAadress: Kodu tn 12, TallinnE-post: autor@mangim.comKehtivad alates: 2025-10-28 1. \u00dcLDISED TINGIMUSED Need kasutustingimused reguleerivad raamatute ja muude toodete ostmist veebilehel mangim.com (edaspidi &#8220;e-pood&#8221;). Tellimuse esitamisega n\u00f5ustute nende tingimustega. E-pood toimib vastavalt Eesti Vabariigi seadustele. 2. TELLIMUSED JA MAKSMINE 2.1 Tellimuse esitamine 2.2 Hinnad 2.3 Maksmine 3. KOSMILISE TASAKAALU PANUS E-pood [&hellip;]<\/p>\n","protected":false},"author":1,"featured_media":0,"parent":0,"menu_order":0,"comment_status":"closed","ping_status":"closed","template":"page-with-title","meta":{"footnotes":""},"class_list":["post-202","page","type-page","status-publish","hentry"],"_links":{"self":[{"href":"https:\/\/mangim.com\/et\/wp-json\/wp\/v2\/pages\/202","targetHints":{"allow":["GET"]}}],"collection":[{"href":"https:\/\/mangim.com\/et\/wp-json\/wp\/v2\/pages"}],"about":[{"href":"https:\/\/mangim.com\/et\/wp-json\/wp\/v2\/types\/page"}],"author":[{"embeddable":true,"href":"https:\/\/mangim.com\/et\/wp-json\/wp\/v2\/users\/1"}],"replies":[{"embeddable":true,"href":"https:\/\/mangim.com\/et\/wp-json\/wp\/v2\/comments?post=202"}],"version-history":[{"count":20,"href":"https:\/\/mangim.com\/et\/wp-json\/wp\/v2\/pages\/202\/revisions"}],"predecessor-version":[{"id":1388,"href":"https:\/\/mangim.com\/et\/wp-json\/wp\/v2\/pages\/202\/revisions\/1388"}],"wp:attachment":[{"href":"https:\/\/mangim.com\/et\/wp-json\/wp\/v2\/media?parent=202"}],"curies":[{"name":"wp","href":"https:\/\/api.w.org\/{rel}","templated":true}]}}